{"id":242,"date":"2014-06-05T11:33:46","date_gmt":"2014-06-05T11:33:46","guid":{"rendered":"http:\/\/www.fidesco-international.org\/pt\/?page_id=242"},"modified":"2014-06-05T19:07:21","modified_gmt":"2014-06-05T19:07:21","slug":"solicitacao-de-um-voluntario","status":"publish","type":"page","link":"https:\/\/www.fidesco-international.org\/pt\/solicitacao-de-um-voluntario\/","title":{"rendered":"Solicita\u00e7\u00e3o de um volunt\u00e1rio"},"content":{"rendered":"<p>A Fidesco envia volunt\u00e1rios, quando solicitado pelas suas diversas parcerias, nomeadamente da Igreja local, que, melhor do que ningu\u00e9m, conhece o terreno e a realidade dos problemas que as popula\u00e7\u00f5es enfrentam. Os volunt\u00e1rios \u00abFidesco\u00bb empenham-se dedicadamente, disponibilizando todos os seus conhecimentos, compet\u00eancias e experi\u00eancia profissional ao servi\u00e7o da Igreja, trabalhando com ela, e dentro do seu esp\u00edrito,\u00a0 atuando como um reflexo da sua pr\u00f3pria f\u00e9. Al\u00e9m das tarefas ligadas \u00e0 sua miss\u00e3o, o volunt\u00e1rio pode ser solicitado para desempenhar uma s\u00e9rie de catividades paroquiais.<\/p>\n<p>Se precisar de um profissional cat\u00f3lico, que lhe seja imposs\u00edvel recrutar no seu pr\u00f3prio pa\u00eds, poder\u00e1 solicitar um volunt\u00e1rio \u00abFidesco\u00bb. Para esse efeito, dever\u00e1 satisfazer as seguintes condi\u00e7\u00f5es, antes mesmo de se candidatar :<\/p>\n<p>&#8211;\u00a0Propor uma miss\u00e3o perfeitamente definida (um projeto claro, descri\u00e7\u00e3o do tipo de trabalho a desempenhar pelos volunt\u00e1rios, e\u00a0 perfil preferencial)<br \/>\n&#8211;\u00a0O compromisso de estabelecer um verdadeiro contrato com o volunt\u00e1rio<br \/>\n&#8211;\u00a0No terreno, proporcionar-se condi\u00e7\u00f5es de vida simples mas dignas (sublinhando o fator de condi\u00e7\u00f5es de higiene b\u00e1sica)<br \/>\n&#8211;\u00a0Um sal\u00e1rio que cubra, no m\u00ednimo, o alojamento e a alimenta\u00e7\u00e3o<br \/>\n&#8211;\u00a0Proporcionar\u00a0 ajuda solid\u00e1ria e espiritual<\/p>\n<p>Poder\u00e1 preencher um \u2018pedido de recrutamento\u2019, clicando aqui, ou, se preferir, enviar-nos um email, clicando,\u00a0 em alternativa, aqui. O nosso correspondente no pa\u00eds, ou a equipe que acompanha o mesmo, entrar\u00e1 posteriormente em contacto consigo, para lhe fornecer mais informa\u00e7\u00e3o e explicar a organiza\u00e7\u00e3o do processo.<\/p>\n<p>\u00c9\u00a0 importante salientar que nunca podemos garantir a 100% a chegada de um volunt\u00e1rio \u00abFidesco\u00bb De facto, o n\u00famero de pedidos de volunt\u00e1rios \u00e9 superior aos que temos dispon\u00edveis para enviar em miss\u00e3o. Al\u00e9m disso, o perfil dos mesmos varia frequentemente : podemos, por vezes, ter muitos enfermeiros(as) e m\u00e9dicos(as) e\u00a0 no ano seguinte termos uma percentagem superior de gestores, docentes, e quadros t\u00e9cnicos. De qualquer modo, n\u00e3o hesite em contactar-nos a solicitar um volunt\u00e1rio, ou para pedir outros esclarecimentos.<\/p>\n<p>A Fidesco envia volunt\u00e1rios, quando solicitado pelas suas diversas parcerias, nomeadamente da Igreja local, que, melhor do que ningu\u00e9m, conhece o terreno e a realidade dos problemas que as popula\u00e7\u00f5es enfrentam. Os volunt\u00e1rios \u00abFidesco\u00bb empenham-se dedicadamente, disponibilizando todos os seus conhecimentos, compet\u00eancias e experi\u00eancia profissional ao servi\u00e7o da Igreja, trabalhando com ela, e dentro do seu esp\u00edrito,\u00a0 atuando como um reflexo da sua pr\u00f3pria f\u00e9. Al\u00e9m das tarefas ligadas \u00e0 sua miss\u00e3o, o volunt\u00e1rio pode ser solicitado para desempenhar uma s\u00e9rie de catividades paroquiais.<\/p>\n<p>Se precisar de um profissional cat\u00f3lico, que lhe seja imposs\u00edvel recrutar no seu pr\u00f3prio pa\u00eds, poder\u00e1 solicitar um volunt\u00e1rio \u00abFidesco\u00bb. Para esse efeito, dever\u00e1 satisfazer as seguintes condi\u00e7\u00f5es, antes mesmo de se candidatar :<\/p>\n<p>&#8211;\u00a0Propor uma miss\u00e3o perfeitamente definida (um projeto claro, descri\u00e7\u00e3o do tipo de trabalho a desempenhar pelos volunt\u00e1rios, e\u00a0 perfil preferencial)<br \/>\n&#8211;\u00a0O compromisso de estabelecer um verdadeiro contrato com o volunt\u00e1rio<br \/>\n&#8211;\u00a0No terreno, proporcionar-se condi\u00e7\u00f5es de vida simples mas dignas (sublinhando o fator de condi\u00e7\u00f5es de higiene b\u00e1sica)<br \/>\n&#8211;\u00a0Um sal\u00e1rio que cubra, no m\u00ednimo, o alojamento e a alimenta\u00e7\u00e3o<br \/>\n&#8211;\u00a0Proporcionar\u00a0 ajuda solid\u00e1ria e espiritual<\/p>\n<p>Poder\u00e1 preencher um \u2018pedido de recrutamento\u2019, clicando <a href=\"https:\/\/www.fidesco-international.org\/pt\/wp-content\/uploads\/sites\/6\/2014\/06\/ficha-virgem.pdf\">aqui<\/a>, ou, se preferir, enviar-nos um email, clicando,\u00a0 em alternativa, aqui. O nosso correspondente no pa\u00eds, ou a equipe que acompanha o mesmo, entrar\u00e1 posteriormente em contacto consigo, para lhe fornecer mais informa\u00e7\u00e3o e explicar a organiza\u00e7\u00e3o do processo.<\/p>\n<p>\u00c9\u00a0 importante salientar que nunca podemos garantir a 100% a chegada de um volunt\u00e1rio \u00abFidesco\u00bb De facto, o n\u00famero de pedidos de volunt\u00e1rios \u00e9 superior aos que temos dispon\u00edveis para enviar em miss\u00e3o. Al\u00e9m disso, o perfil dos mesmos varia frequentemente : podemos, por vezes, ter muitos enfermeiros(as) e m\u00e9dicos(as) e\u00a0 no ano seguinte termos uma percentagem superior de gestores, docentes, e quadros t\u00e9cnicos. De qualquer modo, n\u00e3o hesite em contactar-nos a solicitar um volunt\u00e1rio, ou para pedir outros esclarecimentos.<\/p>\n","protected":false},"excerpt":{"rendered":"<p>A Fidesco envia volunt\u00e1rios, quando solicitado pelas suas diversas parcerias, nomeadamente da Igreja local, que, melhor do que ningu\u00e9m, conhece o terreno e a realidade dos problemas que as popula\u00e7\u00f5es enfrentam. Os volunt\u00e1rios \u00abFidesco\u00bb empenham-se dedicadamente, disponibilizando todos os seus conhecimentos, compet\u00eancias e experi\u00eancia profissional ao servi\u00e7o da Igreja, trabalhando com ela, e dentro do [&hellip;]<\/p>\n","protected":false},"author":10,"featured_media":0,"parent":0,"menu_order":0,"comment_status":"closed","ping_status":"open","template":"","meta":{"footnotes":""},"class_list":["post-242","page","type-page","status-publish","hentry"],"acf":[],"_links":{"self":[{"href":"https:\/\/www.fidesco-international.org\/pt\/wp-json\/wp\/v2\/pages\/242","targetHints":{"allow":["GET"]}}],"collection":[{"href":"https:\/\/www.fidesco-international.org\/pt\/wp-json\/wp\/v2\/pages"}],"about":[{"href":"https:\/\/www.fidesco-international.org\/pt\/wp-json\/wp\/v2\/types\/page"}],"author":[{"embeddable":true,"href":"https:\/\/www.fidesco-international.org\/pt\/wp-json\/wp\/v2\/users\/10"}],"replies":[{"embeddable":true,"href":"https:\/\/www.fidesco-international.org\/pt\/wp-json\/wp\/v2\/comments?post=242"}],"version-history":[{"count":3,"href":"https:\/\/www.fidesco-international.org\/pt\/wp-json\/wp\/v2\/pages\/242\/revisions"}],"predecessor-version":[{"id":272,"href":"https:\/\/www.fidesco-international.org\/pt\/wp-json\/wp\/v2\/pages\/242\/revisions\/272"}],"wp:attachment":[{"href":"https:\/\/www.fidesco-international.org\/pt\/wp-json\/wp\/v2\/media?parent=242"}],"curies":[{"name":"wp","href":"https:\/\/api.w.org\/{rel}","templated":true}]}}