{"id":256,"date":"2014-06-05T16:47:42","date_gmt":"2014-06-05T16:47:42","guid":{"rendered":"http:\/\/www.fidesco-international.org\/pt\/?page_id=256"},"modified":"2014-06-05T16:47:42","modified_gmt":"2014-06-05T16:47:42","slug":"historia-da-fidesco","status":"publish","type":"page","link":"https:\/\/www.fidesco-international.org\/pt\/historia-da-fidesco\/","title":{"rendered":"Hist\u00f3ria da FIDESCO"},"content":{"rendered":"<p>Hist\u00f3ria da FIDESCO (resumo)<br \/>\n\u00a0<br \/>\nEm 1980, durante o S\u00ednodo dos Bispos sobre a Fam\u00edlia, em Roma, alguns bispos da \u00c1frica ocidental formularam um pedido de volunt\u00e1rios para colaborarem em projetos de desenvolvimento e, simultaneamente, darem um testemunho de vida crist\u00e3.<br \/>\nAinda em 1980, foi enviada uma fam\u00edlia para o ex-Za\u00efre (Rep\u00fablica Democr\u00e1tica do Congo) numa miss\u00e3o m\u00e9dica.<br \/>\nEm 1981 : foi criada a FIDESCO e foi enviada um primeiro conjunto de volunt\u00e1rios.<br \/>\nEm 1999 : Envio de 90 volunt\u00e1rios.<br \/>\nEm 2006 : \u00e9 criada a FIDEMA (FIDESCO-Portugal)<br \/>\nDesde 2007 : h\u00e1 dois envios por ano (primavera e outono).<\/p>\n<p>Atualmente:<br \/>\nV\u00e1rios pa\u00edses recrutam e formam volunt\u00e1rios para a FIDESCO: B\u00e9lgica, Alemanha (desde 1987), \u00c1ustria, Holanda (desde 1991), Pol\u00f3nia, Estados Unidos da Am\u00e9rica (desde 2009), Ruanda\u2026<br \/>\n39 pa\u00edses dos continentes do Sul recebem volunt\u00e1rios FIDESCO<br \/>\n130 volunt\u00e1rios no terreno.<\/p>\n<p>Hist\u00f3ria da FIDESCO (resumo)<br \/>\n\u00a0<br \/>\nEm 1980, durante o S\u00ednodo dos Bispos sobre a Fam\u00edlia, em Roma, alguns bispos da \u00c1frica ocidental formularam um pedido de volunt\u00e1rios para colaborarem em projetos de desenvolvimento e, simultaneamente, darem um testemunho de vida crist\u00e3.<br \/>\nAinda em 1980, foi enviada uma fam\u00edlia para o ex-Za\u00efre (Rep\u00fablica Democr\u00e1tica do Congo) numa miss\u00e3o m\u00e9dica.<br \/>\nEm 1981 : foi criada a FIDESCO e foi enviada um primeiro conjunto de volunt\u00e1rios.<br \/>\nEm 1999 : Envio de 90 volunt\u00e1rios.<br \/>\nEm 2006 : \u00e9 criada a FIDEMA (FIDESCO-Portugal)<br \/>\nDesde 2007 : h\u00e1 dois envios por ano (primavera e outono).<\/p>\n<p>Atualmente:<br \/>\nV\u00e1rios pa\u00edses recrutam e formam volunt\u00e1rios para a FIDESCO: B\u00e9lgica, Alemanha (desde 1987), \u00c1ustria, Holanda (desde 1991), Pol\u00f3nia, Estados Unidos da Am\u00e9rica (desde 2009), Ruanda\u2026<br \/>\n39 pa\u00edses dos continentes do Sul recebem volunt\u00e1rios FIDESCO<br \/>\n130 volunt\u00e1rios no terreno.<\/p>\n","protected":false},"excerpt":{"rendered":"<p>Hist\u00f3ria da FIDESCO (resumo) \u00a0 Em 1980, durante o S\u00ednodo dos Bispos sobre a Fam\u00edlia, em Roma, alguns bispos da \u00c1frica ocidental formularam um pedido de volunt\u00e1rios para colaborarem em projetos de desenvolvimento e, simultaneamente, darem um testemunho de vida crist\u00e3. Ainda em 1980, foi enviada uma fam\u00edlia para o ex-Za\u00efre (Rep\u00fablica Democr\u00e1tica do Congo) [&hellip;]<\/p>\n","protected":false},"author":10,"featured_media":0,"parent":0,"menu_order":0,"comment_status":"closed","ping_status":"open","template":"","meta":{"footnotes":""},"class_list":["post-256","page","type-page","status-publish","hentry"],"acf":[],"_links":{"self":[{"href":"https:\/\/www.fidesco-international.org\/pt\/wp-json\/wp\/v2\/pages\/256","targetHints":{"allow":["GET"]}}],"collection":[{"href":"https:\/\/www.fidesco-international.org\/pt\/wp-json\/wp\/v2\/pages"}],"about":[{"href":"https:\/\/www.fidesco-international.org\/pt\/wp-json\/wp\/v2\/types\/page"}],"author":[{"embeddable":true,"href":"https:\/\/www.fidesco-international.org\/pt\/wp-json\/wp\/v2\/users\/10"}],"replies":[{"embeddable":true,"href":"https:\/\/www.fidesco-international.org\/pt\/wp-json\/wp\/v2\/comments?post=256"}],"version-history":[{"count":1,"href":"https:\/\/www.fidesco-international.org\/pt\/wp-json\/wp\/v2\/pages\/256\/revisions"}],"predecessor-version":[{"id":258,"href":"https:\/\/www.fidesco-international.org\/pt\/wp-json\/wp\/v2\/pages\/256\/revisions\/258"}],"wp:attachment":[{"href":"https:\/\/www.fidesco-international.org\/pt\/wp-json\/wp\/v2\/media?parent=256"}],"curies":[{"name":"wp","href":"https:\/\/api.w.org\/{rel}","templated":true}]}}